{"id":565,"date":"2021-03-11T18:30:50","date_gmt":"2021-03-11T17:30:50","guid":{"rendered":"https:\/\/help.quantaflow.com\/?page_id=565"},"modified":"2021-04-01T10:09:09","modified_gmt":"2021-04-01T08:09:09","slug":"contact","status":"publish","type":"page","link":"https:\/\/help.quantaflow.com\/index.php\/contact\/","title":{"rendered":"contact"},"content":{"rendered":"<h3 style=\"text-align: center;\">Cette fonctionnalit\u00e9 est en cours d&#8217;impl\u00e9mentation.<\/h3>\n<p>Si vous avez des questions relatives \u00e0 vos donn\u00e9es vous pouvez \u00e9crire \u00e0 analytics@quantaflow.com<\/p>\n<p>Si vous avez des questions relatives \u00e0 votre mat\u00e9riel vous pouvez \u00e9crire \u00e0 support@quantaflow.com<\/p>\n","protected":false},"excerpt":{"rendered":"<p>Cette fonctionnalit\u00e9 est en cours d&#8217;impl\u00e9mentation. Si vous avez des questions relatives \u00e0 vos donn\u00e9es vous pouvez \u00e9crire \u00e0 analytics@quantaflow.com Si vous avez des questions relatives \u00e0 votre mat\u00e9riel vous pouvez \u00e9crire \u00e0 support@quantaflow.com<\/p>\n","protected":false},"author":1,"featured_media":0,"parent":0,"menu_order":0,"comment_status":"closed","ping_status":"closed","template":"","meta":{"_bbp_topic_count":0,"_bbp_reply_count":0,"_bbp_total_topic_count":0,"_bbp_total_reply_count":0,"_bbp_voice_count":0,"_bbp_anonymous_reply_count":0,"_bbp_topic_count_hidden":0,"_bbp_reply_count_hidden":0,"_bbp_forum_subforum_count":0,"footnotes":""},"class_list":["post-565","page","type-page","status-publish","hentry"],"_links":{"self":[{"href":"https:\/\/help.quantaflow.com\/index.php\/wp-json\/wp\/v2\/pages\/565","targetHints":{"allow":["GET"]}}],"collection":[{"href":"https:\/\/help.quantaflow.com\/index.php\/wp-json\/wp\/v2\/pages"}],"about":[{"href":"https:\/\/help.quantaflow.com\/index.php\/wp-json\/wp\/v2\/types\/page"}],"author":[{"embeddable":true,"href":"https:\/\/help.quantaflow.com\/index.php\/wp-json\/wp\/v2\/users\/1"}],"replies":[{"embeddable":true,"href":"https:\/\/help.quantaflow.com\/index.php\/wp-json\/wp\/v2\/comments?post=565"}],"version-history":[{"count":2,"href":"https:\/\/help.quantaflow.com\/index.php\/wp-json\/wp\/v2\/pages\/565\/revisions"}],"predecessor-version":[{"id":598,"href":"https:\/\/help.quantaflow.com\/index.php\/wp-json\/wp\/v2\/pages\/565\/revisions\/598"}],"wp:attachment":[{"href":"https:\/\/help.quantaflow.com\/index.php\/wp-json\/wp\/v2\/media?parent=565"}],"curies":[{"name":"wp","href":"https:\/\/api.w.org\/{rel}","templated":true}]}}