{"id":202,"date":"2018-09-25T09:58:52","date_gmt":"2018-09-25T09:58:52","guid":{"rendered":"http:\/\/demo.wpsmartapps.com\/themes\/lipi\/one\/?page_id=202"},"modified":"2022-11-24T11:32:22","modified_gmt":"2022-11-24T10:32:22","slug":"applimobile","status":"publish","type":"page","link":"https:\/\/help.quantaflow.com\/index.php\/applimobile\/","title":{"rendered":"Appli Mobile"},"content":{"rendered":"<p>[vc_row row_content_display=&#8221;in_grid&#8221; row_content_display_align=&#8221;left&#8221; row_type=&#8221;row&#8221; stretch_row_type=&#8221;yes&#8221;][vc_column][vc_separator][vc_column_text]<\/p>\n<h2 style=\"text-align: center;\">L&#8217;Appli Mobile<\/h2>\n<p style=\"text-align: center;\">La nouvelle version de l&#8217;Appli Mobile est disponible, nous vous invitons \u00e0 regarder la vid\u00e9o pour en savoir plus sur ses nouvelles fonctionnalit\u00e9s !<\/p>\n<p>[\/vc_column_text][vc_video link=&#8221;https:\/\/youtu.be\/06EwNjOcZL8&#8243; el_width=&#8221;60&#8243; align=&#8221;center&#8221;][\/vc_column][\/vc_row][vc_row row_content_display=&#8221;in_grid&#8221; row_content_display_align=&#8221;left&#8221; row_type=&#8221;row&#8221; stretch_row_type=&#8221;yes&#8221;][vc_column][vc_separator][vc_column_text]<\/p>\n<h2 style=\"text-align: center;\">Quickstarts<\/h2>\n<p>[\/vc_column_text][\/vc_column][\/vc_row][vc_row row_content_display=&#8221;in_grid&#8221; row_content_display_align=&#8221;left&#8221; row_type=&#8221;row&#8221; stretch_row_type=&#8221;yes&#8221; parallax_content=&#8221;parallax_content_value&#8221;][vc_column width=&#8221;1\/3&#8243;][vc_column_text]<\/p>\n<h5 style=\"text-align: center;\">Appli Mobile<\/h5>\n<p style=\"text-align: center;\"><img loading=\"lazy\" decoding=\"async\" class=\"aligncenter wp-image-315 size-medium\" src=\"https:\/\/help.quantaflow.com\/wp-content\/uploads\/2021\/02\/visuel-2-300x166.jpg\" alt=\"\" width=\"300\" height=\"166\" srcset=\"https:\/\/help.quantaflow.com\/wp-content\/uploads\/2021\/02\/visuel-2-300x166.jpg 300w, https:\/\/help.quantaflow.com\/wp-content\/uploads\/2021\/02\/visuel-2-1024x568.jpg 1024w, https:\/\/help.quantaflow.com\/wp-content\/uploads\/2021\/02\/visuel-2-768x426.jpg 768w, https:\/\/help.quantaflow.com\/wp-content\/uploads\/2021\/02\/visuel-2-1536x851.jpg 1536w, https:\/\/help.quantaflow.com\/wp-content\/uploads\/2021\/02\/visuel-2-2048x1135.jpg 2048w\" sizes=\"auto, (max-width: 300px) 100vw, 300px\" \/><\/p>\n<p>[\/vc_column_text][vc_btn title=&#8221;T\u00e9l\u00e9charger&#8221; align=&#8221;center&#8221; link=&#8221;url:https%3A%2F%2Finfo.eco-compteur.com%2Fl%2F685233%2F2022-11-24%2Fgv5tx%2F685233%2F1669285619Qcpf5hvZ%2FGuide_d_utilisation_Appli_Mobile_Quantaflow_VF.pdf&#8221;][\/vc_column][vc_column width=&#8221;1\/3&#8243;][vc_column_text]<\/p>\n<h5 style=\"text-align: center;\">Option r\u00e9gulation de pr\u00e9sence<\/h5>\n<p style=\"text-align: center;\"><img loading=\"lazy\" decoding=\"async\" class=\"aligncenter wp-image-432\" src=\"https:\/\/help.quantaflow.com\/wp-content\/uploads\/2021\/02\/AdobeStock_341061798-300x200.jpeg\" alt=\"\" width=\"240\" height=\"160\" srcset=\"https:\/\/help.quantaflow.com\/wp-content\/uploads\/2021\/02\/AdobeStock_341061798-300x200.jpeg 300w, https:\/\/help.quantaflow.com\/wp-content\/uploads\/2021\/02\/AdobeStock_341061798-1024x683.jpeg 1024w, https:\/\/help.quantaflow.com\/wp-content\/uploads\/2021\/02\/AdobeStock_341061798-768x512.jpeg 768w, https:\/\/help.quantaflow.com\/wp-content\/uploads\/2021\/02\/AdobeStock_341061798-1536x1024.jpeg 1536w, https:\/\/help.quantaflow.com\/wp-content\/uploads\/2021\/02\/AdobeStock_341061798-2048x1365.jpeg 2048w\" sizes=\"auto, (max-width: 240px) 100vw, 240px\" \/><\/p>\n<p>[\/vc_column_text][vc_btn title=&#8221;T\u00e9l\u00e9charger&#8221; align=&#8221;center&#8221; link=&#8221;url:https%3A%2F%2Finfo.eco-compteur.com%2Fl%2F685233%2F2021-05-13%2F6nswd%2F685233%2F1620919960rgFPfybN%2FGuide_d_Utilisation_Option_R__gulation_de_pr__sence_Quantaflow_VF.pdf&#8221;][\/vc_column][vc_column width=&#8221;1\/3&#8243;][vc_column_text]<\/p>\n<h5 style=\"text-align: center;\">Guide de param\u00e9trage<\/h5>\n<p><img loading=\"lazy\" decoding=\"async\" class=\"wp-image-613 size-thumbnail aligncenter\" src=\"https:\/\/help.quantaflow.com\/wp-content\/uploads\/2021\/05\/image6-scaled-e1620919108179-150x150.jpeg\" alt=\"\" width=\"150\" height=\"150\" \/><\/p>\n<p>[\/vc_column_text][vc_btn title=&#8221;T\u00e9l\u00e9charger&#8221; align=&#8221;center&#8221; link=&#8221;url:https%3A%2F%2Finfo.eco-compteur.com%2Fl%2F685233%2F2021-05-13%2F6nswj%2F685233%2F1620919961QWwHLzdp%2FGuide_de_Param__trage_Appli_Mobile_Quantaflow_VF.pdf&#8221;][\/vc_column][\/vc_row]<\/p>\n","protected":false},"excerpt":{"rendered":"<p>[vc_row row_content_display=&#8221;in_grid&#8221; row_content_display_align=&#8221;left&#8221; row_type=&#8221;row&#8221; stretch_row_type=&#8221;yes&#8221;][vc_column][vc_separator][vc_column_text] L&#8217;Appli Mobile La nouvelle version de l&#8217;Appli Mobile est disponible, nous vous invitons \u00e0 regarder la vid\u00e9o pour en savoir plus sur ses nouvelles fonctionnalit\u00e9s ! [\/vc_column_text][vc_video link=&#8221;https:\/\/youtu.be\/06EwNjOcZL8&#8243; el_width=&#8221;60&#8243; align=&#8221;center&#8221;][\/vc_column][\/vc_row][vc_row row_content_display=&#8221;in_grid&#8221; row_content_display_align=&#8221;left&#8221; row_type=&#8221;row&#8221; stretch_row_type=&#8221;yes&#8221;][vc_column][vc_separator][vc_column_text] Quickstarts [\/vc_column_text][\/vc_column][\/vc_row][vc_row row_content_display=&#8221;in_grid&#8221; row_content_display_align=&#8221;left&#8221; row_type=&#8221;row&#8221; stretch_row_type=&#8221;yes&#8221; parallax_content=&#8221;parallax_content_value&#8221;][vc_column width=&#8221;1\/3&#8243;][vc_column_text] Appli Mobile [\/vc_column_text][vc_btn title=&#8221;T\u00e9l\u00e9charger&#8221; align=&#8221;center&#8221; link=&#8221;url:https%3A%2F%2Finfo.eco-compteur.com%2Fl%2F685233%2F2022-11-24%2Fgv5tx%2F685233%2F1669285619Qcpf5hvZ%2FGuide_d_utilisation_Appli_Mobile_Quantaflow_VF.pdf&#8221;][\/vc_column][vc_column width=&#8221;1\/3&#8243;][vc_column_text] Option [&hellip;]<\/p>\n","protected":false},"author":1,"featured_media":0,"parent":0,"menu_order":0,"comment_status":"closed","ping_status":"closed","template":"","meta":{"_bbp_topic_count":0,"_bbp_reply_count":0,"_bbp_total_topic_count":0,"_bbp_total_reply_count":0,"_bbp_voice_count":0,"_bbp_anonymous_reply_count":0,"_bbp_topic_count_hidden":0,"_bbp_reply_count_hidden":0,"_bbp_forum_subforum_count":0,"footnotes":""},"class_list":["post-202","page","type-page","status-publish","hentry"],"_links":{"self":[{"href":"https:\/\/help.quantaflow.com\/index.php\/wp-json\/wp\/v2\/pages\/202","targetHints":{"allow":["GET"]}}],"collection":[{"href":"https:\/\/help.quantaflow.com\/index.php\/wp-json\/wp\/v2\/pages"}],"about":[{"href":"https:\/\/help.quantaflow.com\/index.php\/wp-json\/wp\/v2\/types\/page"}],"author":[{"embeddable":true,"href":"https:\/\/help.quantaflow.com\/index.php\/wp-json\/wp\/v2\/users\/1"}],"replies":[{"embeddable":true,"href":"https:\/\/help.quantaflow.com\/index.php\/wp-json\/wp\/v2\/comments?post=202"}],"version-history":[{"count":21,"href":"https:\/\/help.quantaflow.com\/index.php\/wp-json\/wp\/v2\/pages\/202\/revisions"}],"predecessor-version":[{"id":733,"href":"https:\/\/help.quantaflow.com\/index.php\/wp-json\/wp\/v2\/pages\/202\/revisions\/733"}],"wp:attachment":[{"href":"https:\/\/help.quantaflow.com\/index.php\/wp-json\/wp\/v2\/media?parent=202"}],"curies":[{"name":"wp","href":"https:\/\/api.w.org\/{rel}","templated":true}]}}