{"id":199,"date":"2018-09-25T09:57:12","date_gmt":"2018-09-25T09:57:12","guid":{"rendered":"http:\/\/demo.wpsmartapps.com\/themes\/lipi\/one\/?page_id=199"},"modified":"2021-02-26T17:18:32","modified_gmt":"2021-02-26T16:18:32","slug":"affichagestempsreel","status":"publish","type":"page","link":"https:\/\/help.quantaflow.com\/index.php\/affichagestempsreel\/","title":{"rendered":"Affichages temps r\u00e9el"},"content":{"rendered":"<p>[vc_row row_content_display=&#8221;in_grid&#8221; row_content_display_align=&#8221;left&#8221; row_type=&#8221;row&#8221; stretch_row_type=&#8221;yes&#8221;][vc_column][vc_separator][vc_column_text]<\/p>\n<h2 style=\"text-align: center;\">Les affichages temps r\u00e9el<\/h2>\n<p style=\"text-align: center;\">Les affichages permettent de r\u00e9pondre \u00e0 plusieurs besoins gr\u00e2ce \u00e0 une seule URL pour simplifier la mise en oeuvre et l\u2019exploitation ! Leurs donn\u00e9es s\u2019actualisent en temps r\u00e9el pour vous proposer une vision pr\u00e9cise \u00e0 l\u2019instant T de votre site.<br \/>\nChangez de visuel en un clic et choisissez celui qui correspond le plus \u00e0 votre<br \/>\nbesoin, c\u2019est une solution 3 en 1 !<\/p>\n<p>[\/vc_column_text][vc_separator][vc_column_text]<\/p>\n<h2 style=\"text-align: center;\">Quickstart<\/h2>\n<p><img loading=\"lazy\" decoding=\"async\" class=\"aligncenter wp-image-323 size-medium\" src=\"https:\/\/help.quantaflow.com\/wp-content\/uploads\/2021\/02\/visu-4-4-2-300x143.jpg\" alt=\"\" width=\"300\" height=\"143\" srcset=\"https:\/\/help.quantaflow.com\/wp-content\/uploads\/2021\/02\/visu-4-4-2-300x143.jpg 300w, https:\/\/help.quantaflow.com\/wp-content\/uploads\/2021\/02\/visu-4-4-2-1024x489.jpg 1024w, https:\/\/help.quantaflow.com\/wp-content\/uploads\/2021\/02\/visu-4-4-2-768x367.jpg 768w, https:\/\/help.quantaflow.com\/wp-content\/uploads\/2021\/02\/visu-4-4-2-1536x733.jpg 1536w, https:\/\/help.quantaflow.com\/wp-content\/uploads\/2021\/02\/visu-4-4-2-2048x977.jpg 2048w\" sizes=\"auto, (max-width: 300px) 100vw, 300px\" \/>[\/vc_column_text][vc_btn title=&#8221;T\u00e9l\u00e9charger&#8221; align=&#8221;center&#8221; link=&#8221;url:https%3A%2F%2Finfo.eco-compteur.com%2Fl%2F685233%2F2021-01-15%2F55jyf%2F685233%2F1610724336hCoD7SqM%2FGuide_d_utilisation_affichages_Quantaflow.pdf&#8221;][\/vc_column][\/vc_row]<\/p>\n","protected":false},"excerpt":{"rendered":"<p>[vc_row row_content_display=&#8221;in_grid&#8221; row_content_display_align=&#8221;left&#8221; row_type=&#8221;row&#8221; stretch_row_type=&#8221;yes&#8221;][vc_column][vc_separator][vc_column_text] Les affichages temps r\u00e9el Les affichages permettent de r\u00e9pondre \u00e0 plusieurs besoins gr\u00e2ce \u00e0 une seule URL pour simplifier la mise en oeuvre et l\u2019exploitation ! Leurs donn\u00e9es s\u2019actualisent en temps r\u00e9el pour vous proposer une vision pr\u00e9cise \u00e0 l\u2019instant T de votre site. Changez de visuel en un clic [&hellip;]<\/p>\n","protected":false},"author":1,"featured_media":0,"parent":0,"menu_order":0,"comment_status":"closed","ping_status":"closed","template":"","meta":{"_bbp_topic_count":0,"_bbp_reply_count":0,"_bbp_total_topic_count":0,"_bbp_total_reply_count":0,"_bbp_voice_count":0,"_bbp_anonymous_reply_count":0,"_bbp_topic_count_hidden":0,"_bbp_reply_count_hidden":0,"_bbp_forum_subforum_count":0,"footnotes":""},"class_list":["post-199","page","type-page","status-publish","hentry"],"_links":{"self":[{"href":"https:\/\/help.quantaflow.com\/index.php\/wp-json\/wp\/v2\/pages\/199","targetHints":{"allow":["GET"]}}],"collection":[{"href":"https:\/\/help.quantaflow.com\/index.php\/wp-json\/wp\/v2\/pages"}],"about":[{"href":"https:\/\/help.quantaflow.com\/index.php\/wp-json\/wp\/v2\/types\/page"}],"author":[{"embeddable":true,"href":"https:\/\/help.quantaflow.com\/index.php\/wp-json\/wp\/v2\/users\/1"}],"replies":[{"embeddable":true,"href":"https:\/\/help.quantaflow.com\/index.php\/wp-json\/wp\/v2\/comments?post=199"}],"version-history":[{"count":6,"href":"https:\/\/help.quantaflow.com\/index.php\/wp-json\/wp\/v2\/pages\/199\/revisions"}],"predecessor-version":[{"id":462,"href":"https:\/\/help.quantaflow.com\/index.php\/wp-json\/wp\/v2\/pages\/199\/revisions\/462"}],"wp:attachment":[{"href":"https:\/\/help.quantaflow.com\/index.php\/wp-json\/wp\/v2\/media?parent=199"}],"curies":[{"name":"wp","href":"https:\/\/api.w.org\/{rel}","templated":true}]}}