{"id":142,"date":"2018-09-16T08:53:38","date_gmt":"2018-09-16T08:53:38","guid":{"rendered":"http:\/\/demo.wpsmartapps.com\/themes\/lipi\/one\/?page_id=142"},"modified":"2023-11-27T17:03:16","modified_gmt":"2023-11-27T16:03:16","slug":"myquantaflow","status":"publish","type":"page","link":"https:\/\/help.quantaflow.com\/index.php\/myquantaflow\/","title":{"rendered":"MyQuantaflow"},"content":{"rendered":"<p>[vc_row row_content_display=&#8221;in_grid&#8221; row_content_display_align=&#8221;left&#8221; row_type=&#8221;row&#8221; stretch_row_type=&#8221;yes&#8221;][vc_column][vc_separator][vc_column_text]<\/p>\n<h2 style=\"text-align: center;\"><strong>MyQuantaflow<\/strong><\/h2>\n<p style=\"text-align: center;\">Notre dernier logiciel de visualisation de donn\u00e9es vous permet d&#8217;interagir en toute simplicit\u00e9 avec vos donn\u00e9es de fr\u00e9quentation. Enti\u00e8rement personnalisable selon votre besoin visualisez vos donn\u00e9es en temps r\u00e9el ou g\u00e9n\u00e9rez des analyses pr\u00e9cises sur une p\u00e9riode d\u00e9termin\u00e9e. Retrouvez ici toute la documentation n\u00e9cessaire pour prendre en main cet outil ergonomique et \u00e9volutif.<\/p>\n<p>[\/vc_column_text][\/vc_column][\/vc_row][vc_row row_content_display=&#8221;in_grid&#8221; row_content_display_align=&#8221;left&#8221; row_type=&#8221;row&#8221; stretch_row_type=&#8221;yes&#8221;][vc_column][\/vc_column][\/vc_row][vc_row row_content_display=&#8221;in_grid&#8221; row_content_display_align=&#8221;left&#8221; row_type=&#8221;row&#8221; stretch_row_type=&#8221;yes&#8221;][vc_column][vc_separator][vc_column_text]<\/p>\n<h2 style=\"text-align: center;\"><strong>Tutoriels<\/strong><\/h2>\n<p>[\/vc_column_text][\/vc_column][\/vc_row][vc_row row_content_display=&#8221;in_grid&#8221; row_content_display_align=&#8221;left&#8221; row_type=&#8221;row&#8221; stretch_row_type=&#8221;yes&#8221;][vc_column width=&#8221;1\/3&#8243;][vc_video link=&#8221;https:\/\/www.youtube.com\/watch?v=TsPk5X4QNKo&#8221;][vc_column_text]<\/p>\n<h4 style=\"text-align: center;\">Acc\u00e9der \u00e0 l&#8217;interface<\/h4>\n<p>[\/vc_column_text][\/vc_column][vc_column width=&#8221;1\/3&#8243;][vc_video link=&#8221;https:\/\/www.youtube.com\/watch?v=4rp3gCgD_Jc&#8221;][vc_column_text]<\/p>\n<h4 style=\"text-align: center;\">L&#8217;interface du module tableau de bord<\/h4>\n<p>[\/vc_column_text][\/vc_column][vc_column width=&#8221;1\/3&#8243;][vc_video link=&#8221;https:\/\/www.youtube.com\/watch?v=lBmMnub3f68&#8243;][vc_column_text]<\/p>\n<h4 style=\"text-align: center;\">Ajouter un commentaire<\/h4>\n<p>[\/vc_column_text][\/vc_column][\/vc_row][vc_row row_content_display=&#8221;in_grid&#8221; row_content_display_align=&#8221;left&#8221; row_type=&#8221;row&#8221; stretch_row_type=&#8221;yes&#8221;][vc_column width=&#8221;1\/3&#8243;][vc_video link=&#8221;https:\/\/www.youtube.com\/watch?v=kTGSge_r4U4&#8243;][vc_column_text]<\/p>\n<h4 style=\"text-align: center;\">G\u00e9n\u00e9rer un rapport<\/h4>\n<p>[\/vc_column_text][\/vc_column][vc_column width=&#8221;1\/3&#8243;][vc_video link=&#8221;https:\/\/www.youtube.com\/watch?v=2n3L88tP9rM&#8221;][vc_column_text]<\/p>\n<h4 style=\"text-align: center;\">Cr\u00e9er un nouveau widget<\/h4>\n<p>[\/vc_column_text][\/vc_column][vc_column width=&#8221;1\/3&#8243;][vc_video link=&#8221;https:\/\/www.youtube.com\/watch?v=pA26ubVk3wk&#8221;][vc_column_text]<\/p>\n<h4 style=\"text-align: center;\">Changer la langue de mon interface<\/h4>\n<p>[\/vc_column_text][\/vc_column][\/vc_row][vc_row row_content_display=&#8221;in_grid&#8221; row_content_display_align=&#8221;left&#8221; row_type=&#8221;row&#8221; stretch_row_type=&#8221;yes&#8221;][vc_column width=&#8221;1\/3&#8243;][vc_video link=&#8221;https:\/\/www.youtube.com\/watch?v=BGvZzwLgOcQ&#8221;][vc_column_text]<\/p>\n<h4 style=\"text-align: center;\">Changer la largeur d&#8217;un widget<\/h4>\n<p>[\/vc_column_text][\/vc_column][vc_column width=&#8221;1\/3&#8243;][vc_video link=&#8221;https:\/\/www.youtube.com\/watch?v=01yxCg2Zu-M&#8221;][vc_column_text]<\/p>\n<h4 style=\"text-align: center;\">Exporter les donn\u00e9es<\/h4>\n<p>[\/vc_column_text][\/vc_column][vc_column width=&#8221;1\/3&#8243;][vc_video link=&#8221;https:\/\/www.youtube.com\/watch?v=h7vHq9CL5Tc&#8221;][vc_column_text]<\/p>\n<h4 style=\"text-align: center;\">Ajouter un panel \u00e0 un tableau de bord<\/h4>\n<p>[\/vc_column_text][\/vc_column][\/vc_row][vc_row row_content_display=&#8221;in_grid&#8221; row_content_display_align=&#8221;left&#8221; row_type=&#8221;row&#8221; stretch_row_type=&#8221;yes&#8221;][vc_column width=&#8221;1\/3&#8243;][vc_video link=&#8221;https:\/\/youtu.be\/XHiH6BYkv9c&#8221;][vc_column_text]<\/p>\n<h4 style=\"text-align: center;\">Le widget anomalies bloquantes en cours<\/h4>\n<p>[\/vc_column_text][\/vc_column][vc_column width=&#8221;1\/3&#8243;][vc_video link=&#8221;https:\/\/youtu.be\/Med_55ETq5g&#8221;][vc_column_text]<\/p>\n<h4 style=\"text-align: center;\">Le widget donn\u00e9es sur plan<\/h4>\n<p>[\/vc_column_text][\/vc_column][vc_column width=&#8221;1\/3&#8243;][vc_video link=&#8221;https:\/\/youtu.be\/EVwqLpBTIKQ&#8221;][vc_column_text]<\/p>\n<h4 style=\"text-align: center;\">Comment recaler\/non recaler une p\u00e9riode de comparaison<\/h4>\n<p>[\/vc_column_text][\/vc_column][\/vc_row]<\/p>\n","protected":false},"excerpt":{"rendered":"<p>[vc_row row_content_display=&#8221;in_grid&#8221; row_content_display_align=&#8221;left&#8221; row_type=&#8221;row&#8221; stretch_row_type=&#8221;yes&#8221;][vc_column][vc_separator][vc_column_text] MyQuantaflow Notre dernier logiciel de visualisation de donn\u00e9es vous permet d&#8217;interagir en toute simplicit\u00e9 avec vos donn\u00e9es de fr\u00e9quentation. Enti\u00e8rement personnalisable selon votre besoin visualisez vos donn\u00e9es en temps r\u00e9el ou g\u00e9n\u00e9rez des analyses pr\u00e9cises sur une p\u00e9riode d\u00e9termin\u00e9e. Retrouvez ici toute la documentation n\u00e9cessaire pour prendre en main cet [&hellip;]<\/p>\n","protected":false},"author":1,"featured_media":0,"parent":0,"menu_order":0,"comment_status":"closed","ping_status":"closed","template":"","meta":{"_bbp_topic_count":0,"_bbp_reply_count":0,"_bbp_total_topic_count":0,"_bbp_total_reply_count":0,"_bbp_voice_count":0,"_bbp_anonymous_reply_count":0,"_bbp_topic_count_hidden":0,"_bbp_reply_count_hidden":0,"_bbp_forum_subforum_count":0,"footnotes":""},"class_list":["post-142","page","type-page","status-publish","hentry"],"_links":{"self":[{"href":"https:\/\/help.quantaflow.com\/index.php\/wp-json\/wp\/v2\/pages\/142","targetHints":{"allow":["GET"]}}],"collection":[{"href":"https:\/\/help.quantaflow.com\/index.php\/wp-json\/wp\/v2\/pages"}],"about":[{"href":"https:\/\/help.quantaflow.com\/index.php\/wp-json\/wp\/v2\/types\/page"}],"author":[{"embeddable":true,"href":"https:\/\/help.quantaflow.com\/index.php\/wp-json\/wp\/v2\/users\/1"}],"replies":[{"embeddable":true,"href":"https:\/\/help.quantaflow.com\/index.php\/wp-json\/wp\/v2\/comments?post=142"}],"version-history":[{"count":16,"href":"https:\/\/help.quantaflow.com\/index.php\/wp-json\/wp\/v2\/pages\/142\/revisions"}],"predecessor-version":[{"id":811,"href":"https:\/\/help.quantaflow.com\/index.php\/wp-json\/wp\/v2\/pages\/142\/revisions\/811"}],"wp:attachment":[{"href":"https:\/\/help.quantaflow.com\/index.php\/wp-json\/wp\/v2\/media?parent=142"}],"curies":[{"name":"wp","href":"https:\/\/api.w.org\/{rel}","templated":true}]}}